{"id":172,"date":"2019-12-31T17:11:23","date_gmt":"2019-12-31T16:11:23","guid":{"rendered":"http:\/\/grisu\/wordpress_ffw\/?page_id=172"},"modified":"2026-03-22T17:54:00","modified_gmt":"2026-03-22T16:54:00","slug":"dienstplan","status":"publish","type":"page","link":"https:\/\/www.feuerwehr-rederzhausen.de\/index.php\/dienstplan\/","title":{"rendered":"Dienstplan"},"content":{"rendered":"\n<h2 class=\"wp-block-heading\">\u00dcbungen<\/h2>\n\n\n\n<figure class=\"wp-block-table is-style-regular\"><table><thead><tr><th>Datum<\/th><th>Uhrzeit<\/th><th>Thema<\/th><\/tr><\/thead><tbody><tr><td>09.01.26<\/td><td>19:30<\/td><td>UVV- Unterweisung<\/td><\/tr><tr><td>04.02.26<\/td><td>19:30<\/td><td>Theorie &#8211; Ersthelfer Feuerwehr<\/td><\/tr><tr><td>27.02.26<\/td><td>19:30<\/td><td>Jahreshauptversammlung<\/td><\/tr><tr><td>04.03.26<\/td><td>19:30<\/td><td>Fahrzeugkunde<\/td><\/tr><tr><td>01.04.26<\/td><td>19:30<\/td><td>THL Landwirtschaft<\/td><\/tr><tr><td>06.05.26<\/td><td>19:30<\/td><td>Retten und Bergen \/ PKW<\/td><\/tr><tr><td>03.06.26<\/td><td>19:30<\/td><td>THL Sturm<\/td><\/tr><tr><td>01.07.26<\/td><td>19:30<\/td><td>Wasserentnahme Gew\u00e4sser \/ Vegetationsbrand<\/td><\/tr><tr><td>05.08.26<\/td><td>19:30<\/td><td>THL PKW<\/td><\/tr><tr><td>02.09.26<\/td><td>19:30<\/td><td>\u00dcbung am Objekt Brand Innenangriff<\/td><\/tr><tr><td>07.10.26<\/td><td>19:30<\/td><td>Gef\u00e4hrliche Stoffe und G\u00fcter \/ Dekon<\/td><\/tr><tr><td>06.11.26<\/td><td>19:30<\/td><td>Theorie &#8211; Photovoltaik Batteriespeicher<\/td><\/tr><tr><td>04.12.26<\/td><td>19:30<\/td><td>Theorie &#8211; Feuerwehr im Winter<\/td><\/tr><\/tbody><\/table><\/figure>\n\n\n\n<p><a href=\"https:\/\/www.feuerwehr-rederzhausen.de\/wp-content\/uploads\/2026\/01\/Dienstplan-2026.pdf\" data-type=\"attachment\" data-id=\"1619\">Dienstplan als PDF zum Herunterladen<\/a><\/p>\n\n\n\n<p><a href=\"https:\/\/www.feuerwehr-rederzhausen.de\/wp-content\/uploads\/2026\/03\/Termine-2026_FFW_Rederzhausen_Verein.pdf\">Terminplan vom Verein zum Herunteralden<\/a><\/p>\n\n\n\n<p><a href=\"https:\/\/www.feuerwehr-rederzhausen.de\/wp-content\/uploads\/2026\/03\/FFW_Rederzhausen_-Aufnahmeantrag.pdf\" data-type=\"attachment\" data-id=\"1619\" target=\"_blank\" rel=\"noreferrer noopener\"><strong>Sie \/ Du m\u00f6chten Mitglied werden? Einfach hier klicken.<\/strong><\/a> F\u00fcr Kontaktdaten gerne auf das Impressum klicken.<\/p>\n\n\n\n<p><\/p>\n","protected":false},"excerpt":{"rendered":"<p>\u00dcbungen Datum Uhrzeit Thema 09.01.26 19:30 UVV- Unterweisung 04.02.26 19:30 Theorie &#8211; Ersthelfer Feuerwehr 27.02.26 19:30 Jahreshauptversammlung 04.03.26 19:30 Fahrzeugkunde 01.04.26 19:30 THL Landwirtschaft 06.05.26 19:30 Retten und Bergen \/ PKW 03.06.26 19:30 THL Sturm 01.07.26 19:30 Wasserentnahme Gew\u00e4sser \/ &hellip; <a href=\"https:\/\/www.feuerwehr-rederzhausen.de\/index.php\/dienstplan\/\">Weiter<\/a><\/p>\n","protected":false},"author":1,"featured_media":0,"parent":0,"menu_order":0,"comment_status":"closed","ping_status":"closed","template":"","meta":{"advgb_blocks_editor_width":"","advgb_blocks_columns_visual_guide":"","footnotes":""},"class_list":["post-172","page","type-page","status-publish","hentry"],"coauthors":[],"author_meta":{"author_link":"https:\/\/www.feuerwehr-rederzhausen.de\/index.php\/author\/ffw_admin\/","display_name":"ffw_admin"},"relative_dates":{"created":"Ver\u00f6ffentlicht 6\u00a0Jahren vor","modified":"Aktualisiert 1\u00a0Monat vor"},"absolute_dates":{"created":"Ver\u00f6ffentlicht am 31. Dezember 2019","modified":"Aktualisiert am 22. M\u00e4rz 2026"},"absolute_dates_time":{"created":"Ver\u00f6ffentlicht am 31. Dezember 2019 17:11","modified":"Aktualisiert am 22. M\u00e4rz 2026 17:54"},"featured_img_caption":"","featured_img":false,"series_order":"","_links":{"self":[{"href":"https:\/\/www.feuerwehr-rederzhausen.de\/index.php\/wp-json\/wp\/v2\/pages\/172","targetHints":{"allow":["GET"]}}],"collection":[{"href":"https:\/\/www.feuerwehr-rederzhausen.de\/index.php\/wp-json\/wp\/v2\/pages"}],"about":[{"href":"https:\/\/www.feuerwehr-rederzhausen.de\/index.php\/wp-json\/wp\/v2\/types\/page"}],"author":[{"embeddable":true,"href":"https:\/\/www.feuerwehr-rederzhausen.de\/index.php\/wp-json\/wp\/v2\/users\/1"}],"replies":[{"embeddable":true,"href":"https:\/\/www.feuerwehr-rederzhausen.de\/index.php\/wp-json\/wp\/v2\/comments?post=172"}],"version-history":[{"count":16,"href":"https:\/\/www.feuerwehr-rederzhausen.de\/index.php\/wp-json\/wp\/v2\/pages\/172\/revisions"}],"predecessor-version":[{"id":1775,"href":"https:\/\/www.feuerwehr-rederzhausen.de\/index.php\/wp-json\/wp\/v2\/pages\/172\/revisions\/1775"}],"wp:attachment":[{"href":"https:\/\/www.feuerwehr-rederzhausen.de\/index.php\/wp-json\/wp\/v2\/media?parent=172"}],"curies":[{"name":"wp","href":"https:\/\/api.w.org\/{rel}","templated":true}]}}