{"id":164,"date":"2019-12-31T17:09:43","date_gmt":"2019-12-31T16:09:43","guid":{"rendered":"http:\/\/grisu\/wordpress_ffw\/?page_id=164"},"modified":"2020-01-06T16:29:40","modified_gmt":"2020-01-06T15:29:40","slug":"aufbau","status":"publish","type":"page","link":"https:\/\/www.feuerwehr-rederzhausen.de\/index.php\/aufbau\/","title":{"rendered":"Aufbau"},"content":{"rendered":"\n<p>LF10\/6 der Firma Schlingmann auf MAN Basis<\/p>\n\n\n\n<figure class=\"wp-block-image size-large\"><img loading=\"lazy\" decoding=\"async\" width=\"1024\" height=\"682\" src=\"http:\/\/grisu\/wordpress_ffw\/wp-content\/uploads\/LF10_6\/Fahrzeugaufbau_1280p_019-1024x682.jpg\" alt=\"\" class=\"wp-image-403\" srcset=\"https:\/\/www.feuerwehr-rederzhausen.de\/wp-content\/uploads\/LF10_6\/Fahrzeugaufbau_1280p_019-1024x682.jpg 1024w, https:\/\/www.feuerwehr-rederzhausen.de\/wp-content\/uploads\/LF10_6\/Fahrzeugaufbau_1280p_019-300x200.jpg 300w, https:\/\/www.feuerwehr-rederzhausen.de\/wp-content\/uploads\/LF10_6\/Fahrzeugaufbau_1280p_019-768x512.jpg 768w, https:\/\/www.feuerwehr-rederzhausen.de\/wp-content\/uploads\/LF10_6\/Fahrzeugaufbau_1280p_019.jpg 1280w\" sizes=\"auto, (max-width: 1024px) 100vw, 1024px\" \/><\/figure>\n\n\n\n<h3 class=\"wp-block-heading\">Linke Seite<\/h3>\n\n\n\n<div class=\"wp-block-media-text alignwide\"><figure class=\"wp-block-media-text__media\"><img loading=\"lazy\" decoding=\"async\" width=\"682\" height=\"1024\" src=\"http:\/\/grisu\/wordpress_ffw\/wp-content\/uploads\/LF10_6\/Fahrzeugaufbau_1280p_018-682x1024.jpg\" alt=\"\" class=\"wp-image-402\" srcset=\"https:\/\/www.feuerwehr-rederzhausen.de\/wp-content\/uploads\/LF10_6\/Fahrzeugaufbau_1280p_018-682x1024.jpg 682w, https:\/\/www.feuerwehr-rederzhausen.de\/wp-content\/uploads\/LF10_6\/Fahrzeugaufbau_1280p_018-200x300.jpg 200w, https:\/\/www.feuerwehr-rederzhausen.de\/wp-content\/uploads\/LF10_6\/Fahrzeugaufbau_1280p_018-768x1152.jpg 768w, https:\/\/www.feuerwehr-rederzhausen.de\/wp-content\/uploads\/LF10_6\/Fahrzeugaufbau_1280p_018.jpg 853w\" sizes=\"auto, (max-width: 682px) 100vw, 682px\" \/><\/figure><div class=\"wp-block-media-text__content\">\n<p><strong>Ger\u00e4teraum 1<\/strong><\/p>\n\n\n\n<p>Industriesauger<br>Komm vor allem beim Auspumpenvon \u00fcberfluteten Kellern zum Einsatz. <\/p>\n\n\n\n<p>Druckl\u00fcfter<br>Wird bei Br\u00e4nden genutzt, um Fluchtwege zu  bel\u00fcften&nbsp;\/&nbsp;rauchfrei<br>zu bekommen. <\/p>\n\n\n\n<p> Motorkettens\u00e4ge <\/p>\n\n\n\n<p> \u00d6lwarnschilder       <\/p>\n<\/div><\/div>\n\n\n\n<div class=\"wp-block-media-text alignwide\"><figure class=\"wp-block-media-text__media\"><img loading=\"lazy\" decoding=\"async\" width=\"1024\" height=\"682\" src=\"http:\/\/grisu\/wordpress_ffw\/wp-content\/uploads\/LF10_6\/Fahrzeugaufbau_1280p_006-1024x682.jpg\" alt=\"\" class=\"wp-image-390\" srcset=\"https:\/\/www.feuerwehr-rederzhausen.de\/wp-content\/uploads\/LF10_6\/Fahrzeugaufbau_1280p_006-1024x682.jpg 1024w, https:\/\/www.feuerwehr-rederzhausen.de\/wp-content\/uploads\/LF10_6\/Fahrzeugaufbau_1280p_006-300x200.jpg 300w, https:\/\/www.feuerwehr-rederzhausen.de\/wp-content\/uploads\/LF10_6\/Fahrzeugaufbau_1280p_006-768x512.jpg 768w, https:\/\/www.feuerwehr-rederzhausen.de\/wp-content\/uploads\/LF10_6\/Fahrzeugaufbau_1280p_006.jpg 1280w\" sizes=\"auto, (max-width: 1024px) 100vw, 1024px\" \/><\/figure><div class=\"wp-block-media-text__content\">\n<p><strong>Ger\u00e4teraum 3<\/strong><\/p>\n\n\n\n<p>links:<br>Feuerwehr\u00e4xte<br>Tauchpumpe<br>Mini-Chiemsee<br>Zwei Atemschutzger\u00e4te f\u00fcr den Sicherungstrupp<br>Vier Ersatz-Druckflaschen f\u00fcr den Atemschutz<\/p>\n\n\n\n<p>rechts:<br>K\u00fcbelspritze und Feuerl\u00f6scher<br>Hygieneboard (siehe unten)<br>Zwei B-Schl\u00e4uche<br>Vier Schlauchtragek\u00f6rbe best\u00fcckt mit jeweils drei C-Schl\u00e4uchen     <\/p>\n<\/div><\/div>\n\n\n\n<div class=\"wp-block-media-text alignwide\"><figure class=\"wp-block-media-text__media\"><img loading=\"lazy\" decoding=\"async\" width=\"1024\" height=\"682\" src=\"http:\/\/grisu\/wordpress_ffw\/wp-content\/uploads\/LF10_6\/Fahrzeugaufbau_1280p_011-1024x682.jpg\" alt=\"\" class=\"wp-image-395\" srcset=\"https:\/\/www.feuerwehr-rederzhausen.de\/wp-content\/uploads\/LF10_6\/Fahrzeugaufbau_1280p_011-1024x682.jpg 1024w, https:\/\/www.feuerwehr-rederzhausen.de\/wp-content\/uploads\/LF10_6\/Fahrzeugaufbau_1280p_011-300x200.jpg 300w, https:\/\/www.feuerwehr-rederzhausen.de\/wp-content\/uploads\/LF10_6\/Fahrzeugaufbau_1280p_011-768x512.jpg 768w, https:\/\/www.feuerwehr-rederzhausen.de\/wp-content\/uploads\/LF10_6\/Fahrzeugaufbau_1280p_011.jpg 1280w\" sizes=\"auto, (max-width: 1024px) 100vw, 1024px\" \/><\/figure><div class=\"wp-block-media-text__content\">\n<p>Flie\u00dfend Wasser<br>Erste-Hilfe Handschuhe<\/p>\n<\/div><\/div>\n\n\n\n<div class=\"wp-block-media-text alignwide\"><figure class=\"wp-block-media-text__media\"><img loading=\"lazy\" decoding=\"async\" width=\"1024\" height=\"682\" src=\"http:\/\/grisu\/wordpress_ffw\/wp-content\/uploads\/LF10_6\/Fahrzeugaufbau_1280p_012-1024x682.jpg\" alt=\"\" class=\"wp-image-396\" srcset=\"https:\/\/www.feuerwehr-rederzhausen.de\/wp-content\/uploads\/LF10_6\/Fahrzeugaufbau_1280p_012-1024x682.jpg 1024w, https:\/\/www.feuerwehr-rederzhausen.de\/wp-content\/uploads\/LF10_6\/Fahrzeugaufbau_1280p_012-300x200.jpg 300w, https:\/\/www.feuerwehr-rederzhausen.de\/wp-content\/uploads\/LF10_6\/Fahrzeugaufbau_1280p_012-768x512.jpg 768w, https:\/\/www.feuerwehr-rederzhausen.de\/wp-content\/uploads\/LF10_6\/Fahrzeugaufbau_1280p_012.jpg 1280w\" sizes=\"auto, (max-width: 1024px) 100vw, 1024px\" \/><\/figure><div class=\"wp-block-media-text__content\">\n<p>Desinfektionsseife<\/p>\n<\/div><\/div>\n\n\n\n<h3 class=\"wp-block-heading\">Hinten<\/h3>\n\n\n\n<div class=\"wp-block-media-text alignwide\"><figure class=\"wp-block-media-text__media\"><img loading=\"lazy\" decoding=\"async\" width=\"682\" height=\"1024\" src=\"http:\/\/grisu\/wordpress_ffw\/wp-content\/uploads\/LF10_6\/Fahrzeugaufbau_1280p_005-682x1024.jpg\" alt=\"\" class=\"wp-image-389\" srcset=\"https:\/\/www.feuerwehr-rederzhausen.de\/wp-content\/uploads\/LF10_6\/Fahrzeugaufbau_1280p_005-682x1024.jpg 682w, https:\/\/www.feuerwehr-rederzhausen.de\/wp-content\/uploads\/LF10_6\/Fahrzeugaufbau_1280p_005-200x300.jpg 200w, https:\/\/www.feuerwehr-rederzhausen.de\/wp-content\/uploads\/LF10_6\/Fahrzeugaufbau_1280p_005-768x1152.jpg 768w, https:\/\/www.feuerwehr-rederzhausen.de\/wp-content\/uploads\/LF10_6\/Fahrzeugaufbau_1280p_005.jpg 853w\" sizes=\"auto, (max-width: 682px) 100vw, 682px\" \/><\/figure><div class=\"wp-block-media-text__content\">\n<p><strong>Ger\u00e4teraum Fahrzeugr\u00fcckseite<\/strong><\/p>\n\n\n\n<p>Oben:<br>Krankentrage<br>Vier Saugschl\u00e4uche f\u00fcr die Wasserentnahme aus Gew\u00e4ssern.<\/p>\n\n\n\n<p>Mitte:<br>Verschiedene Armaturen<\/p>\n\n\n\n<p>Unten:<br>Fest eingebaute Feuerl\u00f6schpumpe<br>F\u00f6rderleistung bis zu 1600 Liter pro Minute bei 8 bar Druck. Die Pumpe kann sowohl aus dem eingebauten Tank, als auch aus einer externen Wasserversorgung das L\u00f6schwasser beziehen. Das erm\u00f6glicht einen sofortigen Angriff bei Br\u00e4nden, w\u00e4hrend die Wasserversorgung noch aufgebaut wird.       <\/p>\n<\/div><\/div>\n\n\n\n<h3 class=\"wp-block-heading\">Rechte Seite<\/h3>\n\n\n\n<div class=\"wp-block-media-text alignwide\"><figure class=\"wp-block-media-text__media\"><img loading=\"lazy\" decoding=\"async\" width=\"682\" height=\"1024\" src=\"http:\/\/grisu\/wordpress_ffw\/wp-content\/uploads\/LF10_6\/Fahrzeugaufbau_1280p_003-682x1024.jpg\" alt=\"\" class=\"wp-image-387\" srcset=\"https:\/\/www.feuerwehr-rederzhausen.de\/wp-content\/uploads\/LF10_6\/Fahrzeugaufbau_1280p_003-682x1024.jpg 682w, https:\/\/www.feuerwehr-rederzhausen.de\/wp-content\/uploads\/LF10_6\/Fahrzeugaufbau_1280p_003-200x300.jpg 200w, https:\/\/www.feuerwehr-rederzhausen.de\/wp-content\/uploads\/LF10_6\/Fahrzeugaufbau_1280p_003-768x1152.jpg 768w, https:\/\/www.feuerwehr-rederzhausen.de\/wp-content\/uploads\/LF10_6\/Fahrzeugaufbau_1280p_003.jpg 853w\" sizes=\"auto, (max-width: 682px) 100vw, 682px\" \/><\/figure><div class=\"wp-block-media-text__content\">\n<p><strong>Ger\u00e4teraum 4<\/strong><\/p>\n\n\n\n<p>Oben:<br>Schnellangriffseinrichtung<br>Die Schnellangriffseinrichtung kann direkt mit Wasser aus dem Tank gespeist werden und ist sofort einsatzf\u00e4hig.<\/p>\n\n\n\n<p>Unten:<br>Warnleuchten, Pylonen und Faltdreicke zur Verkehrsabsicherung.<\/p>\n\n\n\n<p>Abrollbox Absperrband       <\/p>\n<\/div><\/div>\n\n\n\n<div class=\"wp-block-media-text alignwide\"><figure class=\"wp-block-media-text__media\"><img loading=\"lazy\" decoding=\"async\" width=\"682\" height=\"1024\" src=\"http:\/\/grisu\/wordpress_ffw\/wp-content\/uploads\/LF10_6\/Fahrzeugaufbau_1280p_002-682x1024.jpg\" alt=\"\" class=\"wp-image-386\" srcset=\"https:\/\/www.feuerwehr-rederzhausen.de\/wp-content\/uploads\/LF10_6\/Fahrzeugaufbau_1280p_002-682x1024.jpg 682w, https:\/\/www.feuerwehr-rederzhausen.de\/wp-content\/uploads\/LF10_6\/Fahrzeugaufbau_1280p_002-200x300.jpg 200w, https:\/\/www.feuerwehr-rederzhausen.de\/wp-content\/uploads\/LF10_6\/Fahrzeugaufbau_1280p_002-768x1152.jpg 768w, https:\/\/www.feuerwehr-rederzhausen.de\/wp-content\/uploads\/LF10_6\/Fahrzeugaufbau_1280p_002.jpg 853w\" sizes=\"auto, (max-width: 682px) 100vw, 682px\" \/><\/figure><div class=\"wp-block-media-text__content\">\n<p>Links oben:<br>Schaumrohr<\/p>\n\n\n\n<p>Links mitte:<br>Verteiler, Saugkorb und Druckbegrenzungsventil<\/p>\n\n\n\n<p>Links unten:<br>Vier Kanister Schaummittel<\/p>\n\n\n\n<p>Rechts:<br>Standrohr zur Wasserentnahme aus Unterflurhydranten.<br>Hydrantenschl\u00fcssel<br>Schaumzumischer<br>Drei C-Strahlrohre<br>B-Strahlrohr<br>St\u00fctzkr\u00fcmmer <\/p>\n<\/div><\/div>\n\n\n\n<div class=\"wp-block-media-text alignwide\"><figure class=\"wp-block-media-text__media\"><img loading=\"lazy\" decoding=\"async\" width=\"682\" height=\"1024\" src=\"http:\/\/grisu\/wordpress_ffw\/wp-content\/uploads\/LF10_6\/Fahrzeugaufbau_1280p_000-682x1024.jpg\" alt=\"\" class=\"wp-image-384\" srcset=\"https:\/\/www.feuerwehr-rederzhausen.de\/wp-content\/uploads\/LF10_6\/Fahrzeugaufbau_1280p_000-682x1024.jpg 682w, https:\/\/www.feuerwehr-rederzhausen.de\/wp-content\/uploads\/LF10_6\/Fahrzeugaufbau_1280p_000-200x300.jpg 200w, https:\/\/www.feuerwehr-rederzhausen.de\/wp-content\/uploads\/LF10_6\/Fahrzeugaufbau_1280p_000-768x1152.jpg 768w, https:\/\/www.feuerwehr-rederzhausen.de\/wp-content\/uploads\/LF10_6\/Fahrzeugaufbau_1280p_000.jpg 853w\" sizes=\"auto, (max-width: 682px) 100vw, 682px\" \/><\/figure><div class=\"wp-block-media-text__content\">\n<p><strong>Ger\u00e4teraum 2<\/strong><\/p>\n\n\n\n<p>Oben:<br>12 B-Schl\u00e4uche<\/p>\n\n\n\n<p>Mitte:<br>Scheinwerfer mit Stativ<br>Kabeltrommel<\/p>\n\n\n\n<p>Unten:<br>8kW Stromerzeuger<br>zur Versorgung des Lichtmasten und weiterer elektrischer Ger\u00e4tschaften.           <\/p>\n<\/div><\/div>\n\n\n\n<h3 class=\"wp-block-heading\">Dach<\/h3>\n\n\n\n<div class=\"wp-block-media-text alignwide\"><figure class=\"wp-block-media-text__media\"><img loading=\"lazy\" decoding=\"async\" width=\"682\" height=\"1024\" src=\"http:\/\/grisu\/wordpress_ffw\/wp-content\/uploads\/LF10_6\/Fahrzeugaufbau_1280p_027-682x1024.jpg\" alt=\"\" class=\"wp-image-410\" srcset=\"https:\/\/www.feuerwehr-rederzhausen.de\/wp-content\/uploads\/LF10_6\/Fahrzeugaufbau_1280p_027-682x1024.jpg 682w, https:\/\/www.feuerwehr-rederzhausen.de\/wp-content\/uploads\/LF10_6\/Fahrzeugaufbau_1280p_027-200x300.jpg 200w, https:\/\/www.feuerwehr-rederzhausen.de\/wp-content\/uploads\/LF10_6\/Fahrzeugaufbau_1280p_027-768x1152.jpg 768w, https:\/\/www.feuerwehr-rederzhausen.de\/wp-content\/uploads\/LF10_6\/Fahrzeugaufbau_1280p_027.jpg 853w\" sizes=\"auto, (max-width: 682px) 100vw, 682px\" \/><\/figure><div class=\"wp-block-media-text__content\">\n<p>vierteilige Steckleiter<br>Schlauchbr\u00fccken<br>um Schl\u00e4uche sicher \u00fcber Stra\u00dfen zu f\u00fchren. <\/p>\n<\/div><\/div>\n\n\n\n<div class=\"wp-block-media-text alignwide\"><figure class=\"wp-block-media-text__media\"><img loading=\"lazy\" decoding=\"async\" width=\"682\" height=\"1024\" src=\"http:\/\/grisu\/wordpress_ffw\/wp-content\/uploads\/LF10_6\/Fahrzeugaufbau_1280p_029-682x1024.jpg\" alt=\"\" class=\"wp-image-412\" srcset=\"https:\/\/www.feuerwehr-rederzhausen.de\/wp-content\/uploads\/LF10_6\/Fahrzeugaufbau_1280p_029-682x1024.jpg 682w, https:\/\/www.feuerwehr-rederzhausen.de\/wp-content\/uploads\/LF10_6\/Fahrzeugaufbau_1280p_029-200x300.jpg 200w, https:\/\/www.feuerwehr-rederzhausen.de\/wp-content\/uploads\/LF10_6\/Fahrzeugaufbau_1280p_029-768x1152.jpg 768w, https:\/\/www.feuerwehr-rederzhausen.de\/wp-content\/uploads\/LF10_6\/Fahrzeugaufbau_1280p_029.jpg 853w\" sizes=\"auto, (max-width: 682px) 100vw, 682px\" \/><\/figure><div class=\"wp-block-media-text__content\">\n<p>Weiteres Schaummittel<br>\u00d6lbindemittel<br>Verschiedene Werkzeuge <\/p>\n<\/div><\/div>\n\n\n\n<div class=\"wp-block-media-text alignwide\"><figure class=\"wp-block-media-text__media\"><img loading=\"lazy\" decoding=\"async\" width=\"1024\" height=\"682\" src=\"http:\/\/grisu\/wordpress_ffw\/wp-content\/uploads\/LF10_6\/Fahrzeugaufbau_1280p_028-1024x682.jpg\" alt=\"\" class=\"wp-image-411\" srcset=\"https:\/\/www.feuerwehr-rederzhausen.de\/wp-content\/uploads\/LF10_6\/Fahrzeugaufbau_1280p_028-1024x682.jpg 1024w, https:\/\/www.feuerwehr-rederzhausen.de\/wp-content\/uploads\/LF10_6\/Fahrzeugaufbau_1280p_028-300x200.jpg 300w, https:\/\/www.feuerwehr-rederzhausen.de\/wp-content\/uploads\/LF10_6\/Fahrzeugaufbau_1280p_028-768x512.jpg 768w, https:\/\/www.feuerwehr-rederzhausen.de\/wp-content\/uploads\/LF10_6\/Fahrzeugaufbau_1280p_028.jpg 1280w\" sizes=\"auto, (max-width: 1024px) 100vw, 1024px\" \/><\/figure><div class=\"wp-block-media-text__content\">\n<p>ausfahrbarer Lichtmast zur Umfeldbeleuchtung<\/p>\n<\/div><\/div>\n\n\n\n<h3 class=\"wp-block-heading\">Mannschaftskabine<\/h3>\n\n\n\n<div class=\"wp-block-media-text alignwide\"><figure class=\"wp-block-media-text__media\"><img loading=\"lazy\" decoding=\"async\" width=\"682\" height=\"1024\" src=\"http:\/\/grisu\/wordpress_ffw\/wp-content\/uploads\/LF10_6\/Fahrzeugaufbau_1280p_030-682x1024.jpg\" alt=\"\" class=\"wp-image-413\" srcset=\"https:\/\/www.feuerwehr-rederzhausen.de\/wp-content\/uploads\/LF10_6\/Fahrzeugaufbau_1280p_030-682x1024.jpg 682w, https:\/\/www.feuerwehr-rederzhausen.de\/wp-content\/uploads\/LF10_6\/Fahrzeugaufbau_1280p_030-200x300.jpg 200w, https:\/\/www.feuerwehr-rederzhausen.de\/wp-content\/uploads\/LF10_6\/Fahrzeugaufbau_1280p_030-768x1152.jpg 768w, https:\/\/www.feuerwehr-rederzhausen.de\/wp-content\/uploads\/LF10_6\/Fahrzeugaufbau_1280p_030.jpg 853w\" sizes=\"auto, (max-width: 682px) 100vw, 682px\" \/><\/figure><div class=\"wp-block-media-text__content\">\n<p>Weitere Ger\u00e4tschaften und ein Erste-Hilfe-Rucksack befindet sich unter der Sitzbank<\/p>\n<\/div><\/div>\n\n\n\n<div class=\"wp-block-media-text alignwide\"><figure class=\"wp-block-media-text__media\"><img loading=\"lazy\" decoding=\"async\" width=\"682\" height=\"1024\" src=\"http:\/\/grisu\/wordpress_ffw\/wp-content\/uploads\/LF10_6\/Fahrzeugaufbau_1280p_031-682x1024.jpg\" alt=\"\" class=\"wp-image-414\" srcset=\"https:\/\/www.feuerwehr-rederzhausen.de\/wp-content\/uploads\/LF10_6\/Fahrzeugaufbau_1280p_031-682x1024.jpg 682w, https:\/\/www.feuerwehr-rederzhausen.de\/wp-content\/uploads\/LF10_6\/Fahrzeugaufbau_1280p_031-200x300.jpg 200w, https:\/\/www.feuerwehr-rederzhausen.de\/wp-content\/uploads\/LF10_6\/Fahrzeugaufbau_1280p_031-768x1152.jpg 768w, https:\/\/www.feuerwehr-rederzhausen.de\/wp-content\/uploads\/LF10_6\/Fahrzeugaufbau_1280p_031.jpg 853w\" sizes=\"auto, (max-width: 682px) 100vw, 682px\" \/><\/figure><div class=\"wp-block-media-text__content\">\n<p>Zwei Atemschutzger\u00e4te im Innenraum<br>Dadurch kann der Angriffstrupp seine Ausr\u00fcstung bereits w\u00e4hrend der Anfahrt anlegen und ist schneller einsatzbereit.<\/p>\n<\/div><\/div>\n\n\n\n<h3 class=\"wp-block-heading\">Fahrersitz<\/h3>\n\n\n\n<div class=\"wp-block-media-text alignwide\"><figure class=\"wp-block-media-text__media\"><img loading=\"lazy\" decoding=\"async\" width=\"682\" height=\"1024\" src=\"http:\/\/grisu\/wordpress_ffw\/wp-content\/uploads\/LF10_6\/Fahrzeugaufbau_1280p_036-682x1024.jpg\" alt=\"\" class=\"wp-image-419\" srcset=\"https:\/\/www.feuerwehr-rederzhausen.de\/wp-content\/uploads\/LF10_6\/Fahrzeugaufbau_1280p_036-682x1024.jpg 682w, https:\/\/www.feuerwehr-rederzhausen.de\/wp-content\/uploads\/LF10_6\/Fahrzeugaufbau_1280p_036-200x300.jpg 200w, https:\/\/www.feuerwehr-rederzhausen.de\/wp-content\/uploads\/LF10_6\/Fahrzeugaufbau_1280p_036-768x1152.jpg 768w, https:\/\/www.feuerwehr-rederzhausen.de\/wp-content\/uploads\/LF10_6\/Fahrzeugaufbau_1280p_036.jpg 853w\" sizes=\"auto, (max-width: 682px) 100vw, 682px\" \/><\/figure><div class=\"wp-block-media-text__content\">\n<p>In der Fahrerkabine befindet sich das Funkger\u00e4t zur Verbindung mit der Leitstelle und anderen Hilfstruppen.<br>Wichtige Einsatzdokumente zur Lagebeurteilung befinden sich in den Karteik\u00e4sten. <\/p>\n<\/div><\/div>\n\n\n\n<h3 class=\"wp-block-heading\">Umfeldbeleuchtung<\/h3>\n\n\n\n<figure class=\"wp-block-image size-large\"><img loading=\"lazy\" decoding=\"async\" width=\"1024\" height=\"682\" src=\"http:\/\/grisu\/wordpress_ffw\/wp-content\/uploads\/LF10_6\/Fahrzeugaufbau_1280p_041-1024x682.jpg\" alt=\"\" class=\"wp-image-424\" srcset=\"https:\/\/www.feuerwehr-rederzhausen.de\/wp-content\/uploads\/LF10_6\/Fahrzeugaufbau_1280p_041-1024x682.jpg 1024w, https:\/\/www.feuerwehr-rederzhausen.de\/wp-content\/uploads\/LF10_6\/Fahrzeugaufbau_1280p_041-300x200.jpg 300w, https:\/\/www.feuerwehr-rederzhausen.de\/wp-content\/uploads\/LF10_6\/Fahrzeugaufbau_1280p_041-768x512.jpg 768w, https:\/\/www.feuerwehr-rederzhausen.de\/wp-content\/uploads\/LF10_6\/Fahrzeugaufbau_1280p_041.jpg 1280w\" sizes=\"auto, (max-width: 1024px) 100vw, 1024px\" \/><\/figure>\n","protected":false},"excerpt":{"rendered":"<p>LF10\/6 der Firma Schlingmann auf MAN Basis Linke Seite Ger\u00e4teraum 1 IndustriesaugerKomm vor allem beim Auspumpenvon \u00fcberfluteten Kellern zum Einsatz. Druckl\u00fcfterWird bei Br\u00e4nden genutzt, um Fluchtwege zu bel\u00fcften&nbsp;\/&nbsp;rauchfreizu bekommen. Motorkettens\u00e4ge \u00d6lwarnschilder Ger\u00e4teraum 3 links:Feuerwehr\u00e4xteTauchpumpeMini-ChiemseeZwei Atemschutzger\u00e4te f\u00fcr den SicherungstruppVier Ersatz-Druckflaschen f\u00fcr &hellip; <a href=\"https:\/\/www.feuerwehr-rederzhausen.de\/index.php\/aufbau\/\">Weiter<\/a><\/p>\n","protected":false},"author":1,"featured_media":0,"parent":0,"menu_order":0,"comment_status":"closed","ping_status":"closed","template":"","meta":{"advgb_blocks_editor_width":"","advgb_blocks_columns_visual_guide":"","footnotes":""},"class_list":["post-164","page","type-page","status-publish","hentry"],"coauthors":[],"author_meta":{"author_link":"https:\/\/www.feuerwehr-rederzhausen.de\/index.php\/author\/ffw_admin\/","display_name":"ffw_admin"},"relative_dates":{"created":"Posted 6\u00a0Jahren ago","modified":"Updated 6\u00a0Jahren ago"},"absolute_dates":{"created":"Posted on 31. Dezember 2019","modified":"Updated on 6. Januar 2020"},"absolute_dates_time":{"created":"Posted on 31. Dezember 2019 17:09","modified":"Updated on 6. Januar 2020 16:29"},"featured_img_caption":"","featured_img":false,"series_order":"","_links":{"self":[{"href":"https:\/\/www.feuerwehr-rederzhausen.de\/index.php\/wp-json\/wp\/v2\/pages\/164","targetHints":{"allow":["GET"]}}],"collection":[{"href":"https:\/\/www.feuerwehr-rederzhausen.de\/index.php\/wp-json\/wp\/v2\/pages"}],"about":[{"href":"https:\/\/www.feuerwehr-rederzhausen.de\/index.php\/wp-json\/wp\/v2\/types\/page"}],"author":[{"embeddable":true,"href":"https:\/\/www.feuerwehr-rederzhausen.de\/index.php\/wp-json\/wp\/v2\/users\/1"}],"replies":[{"embeddable":true,"href":"https:\/\/www.feuerwehr-rederzhausen.de\/index.php\/wp-json\/wp\/v2\/comments?post=164"}],"version-history":[{"count":11,"href":"https:\/\/www.feuerwehr-rederzhausen.de\/index.php\/wp-json\/wp\/v2\/pages\/164\/revisions"}],"predecessor-version":[{"id":545,"href":"https:\/\/www.feuerwehr-rederzhausen.de\/index.php\/wp-json\/wp\/v2\/pages\/164\/revisions\/545"}],"wp:attachment":[{"href":"https:\/\/www.feuerwehr-rederzhausen.de\/index.php\/wp-json\/wp\/v2\/media?parent=164"}],"curies":[{"name":"wp","href":"https:\/\/api.w.org\/{rel}","templated":true}]}}